{"id":10,"date":"2021-09-11T16:18:01","date_gmt":"2021-09-11T16:18:01","guid":{"rendered":"https:\/\/chavesfaria.adv.br\/?page_id=10"},"modified":"2022-07-15T18:39:48","modified_gmt":"2022-07-15T18:39:48","slug":"create-your-website-with-blocks","status":"publish","type":"page","link":"https:\/\/chavesfaria.adv.br\/","title":{"rendered":"Escrit\u00f3rio de Advocacia"},"content":{"rendered":"\n<h2 class=\"alignwide has-text-align-wide has-gigantic-font-size wp-block-heading\" style=\"line-height:1.1\">Rio de Janeiro &#8211; RJ<\/h2>\n\n\n\n<p><\/p>\n\n\n\n<div class=\"wp-block-columns alignwide are-vertically-aligned-top is-layout-flex wp-container-core-columns-is-layout-9d6595d7 wp-block-columns-is-layout-flex\">\n<div class=\"wp-block-column is-vertically-aligned-top is-layout-flow wp-block-column-is-layout-flow\">\n<h3 class=\"wp-block-heading\">Direito de Fam\u00edlia<\/h3>\n\n\n\n<p>Acordos de Div\u00f3rcio, Separa\u00e7\u00e3o e Uni\u00e3o Est\u00e1vel. Pens\u00e3o aliment\u00edcia, partilha de bens, guarda compartilhada.<\/p>\n<\/div>\n\n\n\n<div class=\"wp-block-column is-vertically-aligned-top is-layout-flow wp-block-column-is-layout-flow\">\n<h3 class=\"wp-block-heading\">Direito do Consumidor <\/h3>\n\n\n\n<p>Indeniza\u00e7\u00f5es, dano moral, cobran\u00e7as indevidas, superendividamento, fraudes contra consumidor.<\/p>\n<\/div>\n\n\n\n<div class=\"wp-block-column is-vertically-aligned-top is-layout-flow wp-block-column-is-layout-flow\">\n<h3 class=\"wp-block-heading\">Direito do Trabalho<\/h3>\n\n\n\n<p>Rescis\u00f5es contratuais, infra\u00e7\u00f5es disciplinares, negocia\u00e7\u00f5es e acordos trabalhistas, consultoria empresarial.<\/p>\n<\/div>\n<\/div>\n\n\n\n<div style=\"height:100px\" aria-hidden=\"true\" class=\"wp-block-spacer\"><\/div>\n\n\n\n<div class=\"wp-block-cover alignwide is-light is-style-twentytwentyone-border\"><span aria-hidden=\"true\" class=\"wp-block-cover__background has-green-background-color has-background-dim-100 has-background-dim\"><\/span><div class=\"wp-block-cover__inner-container is-layout-flow wp-block-cover-is-layout-flow\">\n<div style=\"height:20px\" aria-hidden=\"true\" class=\"wp-block-spacer\"><\/div>\n\n\n\n<p class=\"has-huge-font-size\">Need help?<\/p>\n\n\n\n<div style=\"height:75px\" aria-hidden=\"true\" class=\"wp-block-spacer\"><\/div>\n\n\n\n<div class=\"wp-block-columns is-layout-flex wp-container-core-columns-is-layout-9d6595d7 wp-block-columns-is-layout-flex\">\n<div class=\"wp-block-column is-layout-flow wp-block-column-is-layout-flow\">\n<p><a href=\"https:\/\/wordpress.org\/support\/article\/twenty-twenty-one\/\">Read the Theme Documentation<\/a><\/p>\n<\/div>\n\n\n\n<div class=\"wp-block-column is-layout-flow wp-block-column-is-layout-flow\">\n<p><a href=\"https:\/\/wordpress.org\/support\/theme\/twentytwentyone\/\">Check out the Support Forums<\/a><\/p>\n<\/div>\n<\/div>\n\n\n\n<div style=\"height:20px\" aria-hidden=\"true\" class=\"wp-block-spacer\"><\/div>\n<\/div><\/div>\n","protected":false},"excerpt":{"rendered":"<p>Rio de Janeiro &#8211; RJ Direito de Fam\u00edlia Acordos de Div\u00f3rcio, Separa\u00e7\u00e3o e Uni\u00e3o Est\u00e1vel. Pens\u00e3o aliment\u00edcia, partilha de bens, guarda compartilhada. Direito do Consumidor Indeniza\u00e7\u00f5es, dano moral, cobran\u00e7as indevidas, superendividamento, fraudes contra consumidor. Direito do Trabalho Rescis\u00f5es contratuais, infra\u00e7\u00f5es disciplinares, negocia\u00e7\u00f5es e acordos trabalhistas, consultoria empresarial.<\/p>\n","protected":false},"author":1,"featured_media":0,"parent":0,"menu_order":0,"comment_status":"closed","ping_status":"closed","template":"","meta":{"footnotes":""},"class_list":["post-10","page","type-page","status-publish","hentry"],"_links":{"self":[{"href":"https:\/\/chavesfaria.adv.br\/index.php\/wp-json\/wp\/v2\/pages\/10","targetHints":{"allow":["GET"]}}],"collection":[{"href":"https:\/\/chavesfaria.adv.br\/index.php\/wp-json\/wp\/v2\/pages"}],"about":[{"href":"https:\/\/chavesfaria.adv.br\/index.php\/wp-json\/wp\/v2\/types\/page"}],"author":[{"embeddable":true,"href":"https:\/\/chavesfaria.adv.br\/index.php\/wp-json\/wp\/v2\/users\/1"}],"replies":[{"embeddable":true,"href":"https:\/\/chavesfaria.adv.br\/index.php\/wp-json\/wp\/v2\/comments?post=10"}],"version-history":[{"count":4,"href":"https:\/\/chavesfaria.adv.br\/index.php\/wp-json\/wp\/v2\/pages\/10\/revisions"}],"predecessor-version":[{"id":42,"href":"https:\/\/chavesfaria.adv.br\/index.php\/wp-json\/wp\/v2\/pages\/10\/revisions\/42"}],"wp:attachment":[{"href":"https:\/\/chavesfaria.adv.br\/index.php\/wp-json\/wp\/v2\/media?parent=10"}],"curies":[{"name":"wp","href":"https:\/\/api.w.org\/{rel}","templated":true}]}}